{"id":249,"date":"2023-12-01T18:31:48","date_gmt":"2023-12-01T17:31:48","guid":{"rendered":"https:\/\/www.rm.unina.it\/?page_id=249"},"modified":"2023-12-01T18:31:50","modified_gmt":"2023-12-01T17:31:50","slug":"scambi-di-link","status":"publish","type":"page","link":"https:\/\/www.rm.unina.it\/?page_id=249","title":{"rendered":"Scambi di link"},"content":{"rendered":"\n<p><strong>Reti Medievali<\/strong>&nbsp;aderisce a:<\/p>\n\n\n\n<ul class=\"wp-block-list\">\n<li><strong>La Storia.<br>Consorzio italiano per le discipline storiche online: ricerca, didattica, editoria<br><\/strong>&lt;<a href=\"http:\/\/lastoria.unipv.it\/\" target=\"_blank\" rel=\"noreferrer noopener\">http:\/\/lastoria.unipv.it\/<\/a>&gt;<\/li>\n<\/ul>\n\n\n\n<p><strong>Reti Medievali<\/strong>&nbsp;\u00e8 tra i &#8220;Best Italian History Sites in Italy and World-wide&#8221;, segnalati da WWW VL Italian History Index:<\/p>\n\n\n\n<ul class=\"wp-block-list\">\n<li><a href=\"http:\/\/sissco.iue.it\/VL\/hist-italy\/best.html\" target=\"_blank\" rel=\"noreferrer noopener\"><\/a>&nbsp;&nbsp;<strong>WWW VL Italian History Index<br>&lt;<\/strong><a href=\"http:\/\/vlib.iue.it\/hist-italy\/best.html\" target=\"_blank\" rel=\"noreferrer noopener\">http:\/\/vlib.iue.it\/hist-italy\/best.html<\/a>&gt;<\/li>\n<\/ul>\n\n\n\n<p><strong>Reti Medievali<\/strong>&nbsp;scambia il proprio link con:<\/p>\n\n\n\n<ul class=\"wp-block-list\">\n<li><strong>APICES. Association Pal\u00e9ographique Internationale. Culture \u2022 \u00c9criture \u2022 Soci\u00e9t\u00e9<\/strong><br>&lt;<a target=\"_blank\" href=\"http:\/\/www.palaeographia.org\/apices\/apices.htm\" rel=\"noreferrer noopener\">http:\/\/www.palaeographia.org\/apices\/apices.htm<\/a>&gt;<\/li>\n\n\n\n<li><strong>Archivio Storico Italiano &#8211; On line<\/strong><br>&lt;<a target=\"_blank\" href=\"http:\/\/www.storia.unifi.it\/asidspt\/ASI\/Apertura.htm\" rel=\"noreferrer noopener\">http:\/\/www.storia.unifi.it\/asidspt\/ASI\/Apertura.htm<\/a>&gt;<\/li>\n\n\n\n<li><strong>Bibliografia dei manoscritti in scrittura beneventana<br><\/strong>&lt;<a href=\"http:\/\/edu.let.unicas.it\/bmb\/\" target=\"_blank\" rel=\"noreferrer noopener\">http:\/\/edu.let.unicas.it\/bmb\/<\/a>&gt;<\/li>\n\n\n\n<li><strong>Centro Europeo di Studi normanni<\/strong><br>&lt;<a target=\"_blank\" href=\"http:\/\/www.cesn.it\/\" rel=\"noreferrer noopener\">http:\/\/www.cesn.it\/<\/a>&gt;<\/li>\n\n\n\n<li><strong>CERM<br>Centro Europeo di Ricerche Medievali<\/strong><br>&lt;<a target=\"_blank\" href=\"http:\/\/www.cerm-ts.org\/\" rel=\"noreferrer noopener\">http:\/\/www.cerm-ts.org\/<\/a>&gt;<\/li>\n\n\n\n<li><strong>Centro italiano di studi sull&#8217;alto medioevo<\/strong><br>&lt;<a target=\"_blank\" href=\"http:\/\/www.cisam.org\/\" rel=\"noreferrer noopener\">http:\/\/www.cisam.org\/<\/a>&gt;<\/li>\n\n\n\n<li><strong>\u00c9cole fran\u00e7aise de Rome<br><\/strong>&lt;<a href=\"http:\/\/www.ecole-francaise.it\/\" target=\"_blank\" rel=\"noreferrer noopener\">http:\/\/www.ecole-francaise.it\/<\/a>&gt;<\/li>\n\n\n\n<li><a href=\"http:\/\/www.fondazionesanminiato.it\/\" target=\"_blank\" rel=\"noreferrer noopener\"><\/a>&nbsp;<strong>Fondazione centro studi sulla civilt\u00e0 del tardo Medioevo<br>S. Miniato<br><\/strong>&lt;<a href=\"http:\/\/www.fondazionesanminiato.it\/\" target=\"_blank\" rel=\"noreferrer noopener\">http:\/\/www.fondazionesanminiato.it\/<\/a>&gt;<\/li>\n\n\n\n<li><strong>&#8220;Gazette du livre m\u00e9di\u00e9val&#8221;<br><\/strong>&lt;<a href=\"http:\/\/www.palaeographia.org\/glm\/glm.htm\" target=\"_blank\" rel=\"noreferrer noopener\">http:\/\/www.palaeographia.org\/glm\/glm.htm<\/a>&gt;<\/li>\n\n\n\n<li><strong>Istituto internazionale di storia economica &#8220;F. Datini&#8221;<br><\/strong>&lt;<a href=\"http:\/\/www.istitutodatini.it\/\" target=\"_blank\" rel=\"noreferrer noopener\">http:\/\/www.istitutodatini.it\/<\/a>&gt;<\/li>\n\n\n\n<li><a href=\"http:\/\/www.isime.it\/\"><\/a>&nbsp;<strong>Istituto Storico Italiano per il Medio Evo<\/strong><br>&lt;<a target=\"_blank\" href=\"http:\/\/www.isime.it\/\" rel=\"noreferrer noopener\">http:\/\/www.isime.it\/<\/a>&gt;<\/li>\n\n\n\n<li><strong>Iura communia.<br>Il sito di diritto comune<br>&lt;<\/strong><a href=\"http:\/\/www.idr.unipi.it\/iura-communia\" target=\"_blank\" rel=\"noreferrer noopener\">http:\/\/www.idr.unipi.it\/iura-communia<\/a><strong>&gt;<\/strong><\/li>\n\n\n\n<li><strong>Itinerari medievali<br>per la ricerca e la didattica<br>&lt;<\/strong><a href=\"http:\/\/www.itinerarimedievali.unipr.it\/\" target=\"_blank\" rel=\"noreferrer noopener\">http:\/\/www.itinerarimedievali.unipr.it\/<\/a><strong>&gt;<\/strong><\/li>\n\n\n\n<li><strong>Mediaevistik.<br>Internationale Zeitschrift f\u00fcr interdisziplin\u00e4re Mittelalterforschung<br><\/strong>&lt;<a href=\"http:\/\/www.gened.arizona.edu\/mediaevistik\/\" target=\"_blank\" rel=\"noreferrer noopener\">http:\/\/www.gened.arizona.edu\/mediaevistik\/<\/a>&gt;<\/li>\n\n\n\n<li><strong>Parnaseo, un ciber paseo por la Literatura<br><\/strong>&lt;<a href=\"http:\/\/parnaseo.uv.es\/\" target=\"_blank\" rel=\"noreferrer noopener\">http:\/\/parnaseo.uv.es\/<\/a>&gt;<\/li>\n\n\n\n<li><strong>Philosophia Medii Aevi &#8211; Swif<br><\/strong>&lt;<a href=\"http:\/\/islab.dico.unimi.it\/phmae\/\" target=\"_blank\" rel=\"noreferrer noopener\">http:\/\/islab.dico.unimi.it\/phmae\/<\/a>&gt;<\/li>\n\n\n\n<li><strong>Scrineum.<br>Saggi e materiali on-line di scienze del documento e del libro medievali<br>&lt;<\/strong><a href=\"http:\/\/scrineum.unipv.it\/\" target=\"_blank\" rel=\"noreferrer noopener\">http:\/\/scrineum.unipv.it\/<\/a>&gt;<\/li>\n\n\n\n<li><strong>Scriptorium.<br>Polo Informatico Medievistico dell&#8217;Universit\u00e0 di Firenze<br><\/strong>&lt;<a href=\"http:\/\/www.storia.unifi.it\/_PIM\/default.htm\" target=\"_blank\" rel=\"noreferrer noopener\">http:\/\/www.storia.unifi.it\/_PIM\/default.htm<\/a>&gt;<\/li>\n<\/ul>\n\n\n\n<ul class=\"wp-block-list\">\n<li><strong>Spanienportal &#8211; Historicum.net<br><\/strong>&lt;<a href=\"http:\/\/www.spanien.historicum.net\/es_medieval.html\" target=\"_blank\" rel=\"noreferrer noopener\">http:\/\/www.spanien.historicum.net\/es_medieval.html<\/a>&gt;<\/li>\n\n\n\n<li><strong>Spolia.<br>Informazioni, studi e ricerche sul Medioevo<br>&lt;<\/strong><a href=\"http:\/\/www.spolia.it\/\" target=\"_blank\" rel=\"noreferrer noopener\">http:\/\/www.spolia.it\/<\/a><strong>&gt;<\/strong><\/li>\n\n\n\n<li><a href=\"http:\/\/www.storiadellacitta.it\/\"><\/a>&nbsp;<strong>Storia della citt\u00e0<br>&lt;<\/strong><a target=\"_blank\" href=\"http:\/\/www.storiadellacitta.it\/\" rel=\"noreferrer noopener\">http:\/\/www.storiadellacitta.it\/<\/a>&gt;<\/li>\n\n\n\n<li><\/li>\n\n\n\n<li><strong>Storia di Venezia<br>&lt;<\/strong><a target=\"_blank\" href=\"http:\/\/www.storiadivenezia.it\/\" rel=\"noreferrer noopener\">http:\/\/www.storiadivenezia.it\/<\/a>&gt;<\/li>\n\n\n\n<li><strong>Terre della Chiesa<br>&lt;<\/strong><a target=\"_blank\" href=\"http:\/\/www.unipg.it\/terredellachiesa\/\" rel=\"noreferrer noopener\">http:\/\/www.unipg.it\/terredellachiesa\/<\/a>&gt;<\/li>\n\n\n\n<li><strong>That. Transformaciones en&nbsp;<em>Hispania<\/em><\/strong>&nbsp;<strong>durante la Antig\u00fcedad tard\u00eda<\/strong>&lt;<a target=\"_blank\" href=\"http:\/\/www-fakkw.upb.de\/that\/\" rel=\"noreferrer noopener\">http:\/\/www-fakkw.upb.de\/that\/<\/a>&gt;<\/li>\n\n\n\n<li><strong>Universit\u00e9 Libre de Bruxelles: Unit\u00e9 de Recherche en Histoire M\u00e9di\u00e9vale<br>&lt;<\/strong><a href=\"http:\/\/www.ulb.ac.be\/philo\/urhm\/\" target=\"_blank\" rel=\"noreferrer noopener\">http:\/\/www.ulb.ac.be\/philo\/urhm\/<\/a><strong>&gt;<\/strong><\/li>\n<\/ul>\n","protected":false},"excerpt":{"rendered":"<p>Reti Medievali&nbsp;aderisce a: Reti Medievali&nbsp;\u00e8 tra i &#8220;Best Italian History Sites in Italy and World-wide&#8221;, segnalati da WWW VL Italian History Index: Reti Medievali&nbsp;scambia il proprio link con:<\/p>\n","protected":false},"author":1,"featured_media":0,"parent":0,"menu_order":0,"comment_status":"closed","ping_status":"closed","template":"","meta":{"footnotes":""},"class_list":["post-249","page","type-page","status-publish","hentry"],"_links":{"self":[{"href":"https:\/\/www.rm.unina.it\/index.php?rest_route=\/wp\/v2\/pages\/249","targetHints":{"allow":["GET"]}}],"collection":[{"href":"https:\/\/www.rm.unina.it\/index.php?rest_route=\/wp\/v2\/pages"}],"about":[{"href":"https:\/\/www.rm.unina.it\/index.php?rest_route=\/wp\/v2\/types\/page"}],"author":[{"embeddable":true,"href":"https:\/\/www.rm.unina.it\/index.php?rest_route=\/wp\/v2\/users\/1"}],"replies":[{"embeddable":true,"href":"https:\/\/www.rm.unina.it\/index.php?rest_route=%2Fwp%2Fv2%2Fcomments&post=249"}],"version-history":[{"count":1,"href":"https:\/\/www.rm.unina.it\/index.php?rest_route=\/wp\/v2\/pages\/249\/revisions"}],"predecessor-version":[{"id":250,"href":"https:\/\/www.rm.unina.it\/index.php?rest_route=\/wp\/v2\/pages\/249\/revisions\/250"}],"wp:attachment":[{"href":"https:\/\/www.rm.unina.it\/index.php?rest_route=%2Fwp%2Fv2%2Fmedia&parent=249"}],"curies":[{"name":"wp","href":"https:\/\/api.w.org\/{rel}","templated":true}]}}