{"id":260,"date":"2023-12-01T19:01:31","date_gmt":"2023-12-01T18:01:31","guid":{"rendered":"https:\/\/www.rm.unina.it\/?page_id=260"},"modified":"2023-12-01T19:03:02","modified_gmt":"2023-12-01T18:03:02","slug":"presentazioni-pubbliche-di-rm","status":"publish","type":"page","link":"https:\/\/www.rm.unina.it\/?page_id=260","title":{"rendered":"Presentazioni pubbliche di RM (2000-2005)"},"content":{"rendered":"\n<p>Dalla primavera del 2000,&nbsp;<em>Reti Medievali<\/em>&nbsp;\u00e8 stata presentata e pubblicizzata in numerose occasioni di incontro della medievistica italiana e internazionale.<\/p>\n\n\n\n<p>L\u2019illustrazione pubblica dell\u2019iniziativa e la sua discussione critica tra gli studiosi, i ricercatori e gli interessati alla storia medievale, costituiscono delle occasioni che la redazione di&nbsp;<strong>RM<\/strong>&nbsp;ritiene preziose per lo scambio di riflessioni sulle nuove forme di comunicazione del sapere storico aperte dallo sviluppo degli strumenti digitali e telematici.<\/p>\n\n\n\n<p>L\u2019invito a partecipare agli incontri \u00e8 dunque esteso a tutta la comunit\u00e0 medievistica.<\/p>\n\n\n\n<hr class=\"wp-block-separator has-alpha-channel-opacity\"\/>\n\n\n\n<p><strong>Paris, 8 octobre 2005<br><\/strong>Universit\u00e9 Paris I &#8211; Panth\u00e9on Sorbonne; 1, rue Victor-Cousin, Salle Perroy<br>Andrea Zorzi presenta Reti Medievali nell&#8217;ambito della journ\u00e9e d&#8217;\u00e9tudes&nbsp;<em>Portails m\u00e9di\u00e9vistiques<br><\/em>organizzata dalla rete Menestrel<\/p>\n\n\n\n<p><strong>Pisa, 28 settembre 2005<\/strong><br>La Sapienza, Aula Magna Storica&nbsp;,&nbsp;Via Curtatone e Montanara 15<br>Enrica Salvatori presenta Reti Medievali nel seminario &#8220;Scienze umane, Storia e Informatica:&nbsp;ricerca e didattica, esperienze e prospettive&#8221;, organizzato da SISEM, ClioNet e dal Corso di Laurea in Informatica umanistica dell&#8217;Universit\u00e0 degli Studi di Pisa<\/p>\n\n\n\n<p><strong>Venezia, 9-10 giugno 20o5<\/strong><br>Universit\u00e0 Ca&#8217; Foscari, Venezia; Dottorato di Italianistica e Filologia Classico-Medievale<br>Andrea Zorzi presenta Reti Medievali nel Seminario interdisciplinare<br>&#8220;<a target=\"_blank\" href=\"http:\/\/www.dssg.unifi.it\/rm-calendario\/2005\/Prog\/prog-strumenti_informatici.pdf%20%3C\/FONT%3E%3C\/FONT%3E\" rel=\"noreferrer noopener\">Strumenti informatici e ricerca umanistica<\/a>&#8220;<\/p>\n\n\n\n<p><strong>Cagliari, 20 maggio 2005<br><\/strong>Universit\u00e0 degli Studi di Cagliari, Dottorato in Storia Moderna e Contemporanea<br>CNR, Istituto di Storia dell&#8217;Europa mediterranea<br>Pietro Corrao presenta Reti Medievali nell&#8217;ambito del seminario:&nbsp;<em>La storia in rete<\/em><br>Intervengono: Francesco Cesare Casula, Stefano Villani<\/p>\n\n\n\n<p><strong>Catania, 4 maggio 2005<br><\/strong>Universit\u00e0 degli studi di Catania, Facolt\u00e0 di Lettere e Filosofia<br>Dipartimento di Scienze della cultura, dell&#8217;uomo e del territorio<br>Intervengono: P. Corrao, B. Saitta, C. Biondi<\/p>\n\n\n\n<p><strong>Alcal\u00e1 de Henares, 14 aprile 2005<br><\/strong>Facultad de Filosof\u00eda y Letras<br>Intervengono: Enrica Salvatori, Dolores Cabanas<\/p>\n\n\n\n<p><strong>Lyon, 5 febbraio 2005<br><\/strong>Institut des Sciences de l&#8217;Homme, Salle Elise Rivet, 14 avenue Berthelot<br>Laura Gaffuri presenta Reti Medievali nel quadro del seminario<br><em>M\u00e9di\u00e9vistes sur Internet. Activit\u00e9s, d\u00e9bats et projets<br><\/em>organizzato dall&#8217;UMR 5648 (Histoire et arch\u00e9ologie des mondes chr\u00e9tiens et musulmans m\u00e9di\u00e9vaux)<br>e da Reti Medievali<br><a href=\"PRG-LYON.rtf\">Programma completo dell&#8217;iniziativa<\/a><\/p>\n\n\n\n<p><strong>Roma, 17 novembre 2004<\/strong><br>Istituto Storico Germanico<br>Intervengono: Michael Matheus, Roberto Delle Donne<\/p>\n\n\n\n<p><strong>Pavia, 10 settembre 2004<\/strong><br>III seminario e laboratorio di formazione&nbsp;<a target=\"_blank\" href=\"http:\/\/www.dssg.unifi.it\/_PIM\/CILMI\/seminari.htm\" rel=\"noreferrer noopener\">Studi medievali e cultura digitale<\/a><br>Marina Gazzini presenta Reti Medievali nell&#8217;ambito del Seminario, promosso dal CILMI (Coordinamento delle iniziative on line per la medievistica italiana)<\/p>\n\n\n\n<p><strong>Milano, 20 maggio 2004<\/strong><br>Universit\u00e0 Cattolica del Sacro Cuore di Milano<br>Nicolangelo D&#8217;Acunto presenta Reti Medievali nell&#8217;ambito del Corso&nbsp;<em>La trasmissione del testo. Gli strumenti, le tecniche, la storia<\/em><\/p>\n\n\n\n<p><strong>Parma, 19 maggio 2004<br><\/strong>Universit\u00e0 di Parma<br>Andrea Zorzi presenta Reti Medievali nell&#8217;ambito del seminario&nbsp;<em>Il modello Open Access e la Societ\u00e0 della Conoscenza: impatto in Italia<\/em><\/p>\n\n\n\n<p><strong>Zaragoza (Espa\u00f1a)<\/strong>,&nbsp;<strong>7 maggio 2004<\/strong><br>Universidad de Zaragoza<br>Pietro Corrao presenta Reti Medievali nel quadro del Seminario Internacional de Doctorado<br><em>Pescar o navegar: la Edad Media en la red<\/em><\/p>\n\n\n\n<p><strong>Verona, 6 maggio 2004<br><\/strong>Facolt\u00e0 di Lettere e Filosofia<br>Gian Maria Varanini e Nicolangelo D\u2019Acunto presentano Reti Medievali nell&#8217;ambito del Seminario&nbsp;<em>Risorse informatiche per la storia medievale e moderna<\/em>, organizzato in collaborazione con&nbsp;<a target=\"_blank\" href=\"www.storiadivenezia.it\" rel=\"noreferrer noopener\">www.storiadivenezia.it<\/a><\/p>\n\n\n\n<p><strong>Genova,<\/strong>&nbsp;<strong>28 aprile 2004<\/strong><br>Dipartimento di Scienze dell&#8217;Antichit\u00e0 e del Medioevo &#8211; Universit\u00e0 di Genova<br>Intervengono: Michele Ansani, Giovanna Petti Balbi, Antonella Rovere, Enrica Salvatori<\/p>\n\n\n\n<p><strong>Sassari, 22 aprile 2004<\/strong><br>Pietro Corrao presenta Reti Medievali nell&#8217;ambito del Seminario&nbsp;<em>Risorse on line per gli studi umanistici<\/em>, organizzato dalla Facolt\u00e0 di Lettere e Filosofia e dal Dipartimento di Storia dell&#8217;Universit\u00e0 di Sassari<\/p>\n\n\n\n<p><strong>Roma, 30 ottobre 2003<br><\/strong>Roberto Delle Donne e Laura Gaffuri presentano RM nel quadro del seminario&nbsp;<em><a href=\"http:\/\/www.burioni.it\/prima\/roma301003.htm\">Alla (ri)scoperta del Medioevo: informazione in rete e risorse elettroniche per gli studi medievali<\/a><\/em>, organizzato da E.S. Burioni Ricerche Bibliografiche in collaborazione con la redazione di Reti Medievali nella manifestazione&nbsp;<em>Bibliocom 2003, rassegna delle professioni, dei prodotti e dei servizi per la gestione dell&#8217;informazione.<\/em><\/p>\n\n\n\n<p><strong>Firenze, 8 ottobre 2003<\/strong><br>Societ\u00e0 Internazionale per lo Studio del Medioevo Latino<br>Andrea Zorzi presenta Reti Medievali nel quadro del<br><a href=\"http:\/\/www.sismelfirenze.it\/attivita\/ita\/corsomel2003.htm\">VII Corso internazionale di formazione bibliografica &#8220;Medioevo latino. Metodologie e tecniche bibliografiche&#8221;<\/a><\/p>\n\n\n\n<p><strong>Vilnius, 22-23 settembre 2003<\/strong><br>Dep. of Theory of History and History of Culture, Vilnius University<br>Enrica Salvatori presenta Reti Medievali nell&#8217;ambito delle lezioni Socrates-Erasmus dedicate a<br>&#8220;Lo studio della storia e le nuove tecnologie&#8221;<br>Interviene: Loreta Skurvydaite<\/p>\n\n\n\n<p><strong>Leeds, 15 luglio 2003<br><a href=\"http:\/\/www.leeds.ac.uk\/imi\/imc\/imc2003\/main.htm#9\">International Medieval Congress<\/a><br><\/strong>Laura Gaffuri presenta Reti Medievali nell&#8217;ambito della sessione&nbsp;<em>World wide access to the sources: texts and tools<\/em><\/p>\n\n\n\n<p><strong>Torino, 26 giugno 2003<br><\/strong>Archivio di Stato<br>Pietro Corrao presenta Reti Medievali nell&#8217;ambito dell&#8217;incontro di studi&nbsp;<em>Medioevo in rete. Studi medievali e iniziative digitali fra i due versanti alpini<\/em>, organizzato dal Dipartimento di Storia dell&#8217;Universit\u00e0 di Torino<br>Intervengono: Enrico Artifoni, Renato Bordone, Laura Gaffuri e Andrea Zorzi<br><br><strong>Napoli, 20 giugno 2003<\/strong><strong><br><\/strong>Dipartimento di Discipline storiche \u201cE. Lepore\u201d &#8211; Universit\u00e0 di Napoli Federico II<br>Presentazione delle collane di RM E-book &#8211; Firenze University Press nel quadro del III Workshop nazionale<br><strong><a target=\"_blank\" href=\"http:\/\/www.storia.unina.it\/elib\/index.html\" rel=\"noreferrer noopener\">I&nbsp;<em>libri elettronici.<\/em>&nbsp;Pratiche della didattica e della ricerca<\/a><\/strong>,<br>organizzato dal Dipartimento di Discipline storiche e dal Coordinamento delle iniziative on line della medievistica italiana.<br>Intervengono: Michele Ansani, Pietro Corrao, Roberto Delle Donne e Andrea Zorzi<\/p>\n\n\n\n<p><strong>Viterbo, 29 maggio 2003<\/strong><br><em><a target=\"_blank\" href=\"http:\/\/www.unitus.it\/virtual\/e-book\/convegno.htm\" rel=\"noreferrer noopener\">&#8220;Libri elettronici, due anni dopo: interfacce e usabilit\u00e0&#8221;<\/a><\/em><br>Inontro organizzato dall&#8217;Universit\u00e0 degli studi della Tuscia<br>Presentazione dei primi E-book pubblicati da Reti Medievali, Firenze University Press<br>Intervengono: Roberto Delle Donne, Gino Roncaglia, Andrea Zorzi e Umberto Coscarelli<\/p>\n\n\n\n<p><strong>Milano, 20 maggio 2003<br><\/strong>Universit\u00e0 degli Studi di Milano<br>Roberto Delle Donne presenta RM nell&#8217;ambito del convegno&nbsp;<a target=\"_blank\" href=\"http:\/\/www.cilea.it\/convegni\/Editoria_Elettronica\/programma.htm\" rel=\"noreferrer noopener\"><em>Comunicazione<br>scientifica ed editoria elettronica: la parola agli Autori<\/em><\/a>, organizzato dal&nbsp;CILEA<br>(Consorzio Interuniversitario Lombardo per la Elaborazione Automatica)<\/p>\n\n\n\n<p><strong>Brescia, 16 maggio 2003<\/strong><br>Universit\u00e0 Cattolica del Sacro Cuore<br>Presentazione dell&#8217;E-book<br><em>Papato e monachesimo &#8220;esente&#8221; nei secoli centrali del medioevo<\/em><br>a cura di Nicolangelo D&#8217;Acunto, Reti Medievali, Firenze University Press, 2003<br>Intervengono: Giancarlo Andenna, Giuseppe Picasso e Gian Maria Varanini<\/p>\n\n\n\n<p><strong>Macerata, 2 aprile 2003<\/strong><br>Universit\u00e0 di Macerata<br>Dipartimento di Scienze storiche, documentarie, artistiche e del territorio<br>Intervengono: Roberto Lambertini, Federico Valacchi e Andrea Zorzi<\/p>\n\n\n\n<p><strong>Milano, 31 marzo 2003<br><\/strong>Universit\u00e0 degli Studi di Milano<br>Laboratorio multimediale &#8220;Studi storici e cultura digitale. Il Medioevo&#8221;<br>Interviene: Marina Gazzini<strong>Milano, 20 gennaio 2003<\/strong>Universit\u00e0 degli Studi di Milano &#8211; SILSIS-MIMarina Gazzini presenta Reti Medievali nel quadro del Laboratorio didattico del corso di storia medievale destinato agli specializzandi di Scienze Umane.<\/p>\n\n\n\n<p><strong>Palermo, 5 dicembre 2002<\/strong><br>Convegno nazionale:&nbsp;<em>Immagini della emergente societ\u00e0 in rete<\/em><br>Pietro Corrao presenta Reti Medievali nel quadro del Colloquio multidisciplinare:<br><em>Interfacce della societ\u00e0 in rete<\/em><\/p>\n\n\n\n<p><strong>Matera, 3 dicembre 2002<\/strong><br>Universit\u00e0 della Basilicata, Facolt\u00e0 di Lettere<br>Intervengono: Pierluigi Leone De Castris, Claudio Azzara, Roberto Delle Donne, Francesco Panarelli<\/p>\n\n\n\n<p><strong>Padova, 28 novembre 2002<\/strong><br>Universit\u00e0 degli Studi di Padova, Dipartimento di Storia<br>Intervengono: Donato Gallo, Antonio Rigon, Stefano Gasparri, Andrea Zorzi<\/p>\n\n\n\n<p><strong>Roma, 25 ottobre 2002<\/strong><br>Istituto Storico Italiano per il Medioevo<br>Presentazione dell&#8217;E-book di RM\/Firenze University Press<br><a target=\"_blank\" href=\"https:\/\/www.rm.unina.it\/ebook\/festesch.html\" rel=\"noreferrer noopener\"><em>Le storie e la memoria. In onore di Arnold Esch<\/em><\/a><br>a cura di Roberto Delle Donne e Andrea Zorzi<br>Intervengono:<br>Girolamo Arnaldi, Massimo Miglio, Jean Claude Maire Vigueur,<br>Roberto Delle Donne, Andrea Zorzi<\/p>\n\n\n\n<p><strong>Balaguer, 12 luglio 2002<\/strong><br>VII Curs d&#8217;Estiu Comtat d&#8217;Urgell, &#8220;El medievalisme: noves perspectives&#8221;<br>Pietro Corrao presenta Reti Medievali nella tavola rotonda:<br><em>La Edad Media en la sociedad de la informaci\u00f3n<\/em><\/p>\n\n\n\n<p><strong>Bologna, 28 giugno 2002<\/strong><br>Universit\u00e0 di Bologna &#8211; Commissione delle Comunit\u00e0 Europee<br><a target=\"_blank\" href=\"http:\/\/www.storia.unibo.it\/convegni.htm\" rel=\"noreferrer noopener\">Giornata Nazionale CLIOHnet<\/a>:<br><em>Reti di storia. Per l&#8217;innovazione e la qualit\u00e0 in un contesto europeo<\/em><br>Andrea Zorzi presenta Reti medievali nell&#8217;ambito del workshop:<br><em>Sviluppare in Europa innovazione e qualit\u00e0 nel settore delle applicazioni informatiche e telematiche alle discipline storiche<\/em><\/p>\n\n\n\n<p><strong>Palermo, 23 maggio 2002<\/strong><br>Facolt\u00e0 di Scienze della Formazione &#8211; Corso di Laurea in Scienze della Comunicazione<br>Presentazione promossa dal corso di Letterature Comparate<br>Intervengono: Michele Cometa, Pietro Corrao<\/p>\n\n\n\n<p><strong>Bologna, 17 maggio 2002<\/strong><br>Dottorato di Ricerca in Storia e Informatica<br>Dipartimento di Discipline Storiche &#8211; Universit\u00e0 degli Studi di Bologna<br>Intervengono: Francesca Bocchi e Andrea Zorzi<\/p>\n\n\n\n<p><strong>Parma, 7 maggio 2002<\/strong><br>Universit\u00e0 degli Studi di Parma<br>Intervengono: Roberto Greci, Marina Gazzini e Andrea Zorzi<\/p>\n\n\n\n<p><strong>Perugia, 30 aprile 2002<\/strong><br>Universit\u00e0 di Perugia &#8211; Dipartimento di Scienze Storiche<br>Intervengono: Maria Grazia Nico, Lucio Riccetti e Andrea Zorzi<\/p>\n\n\n\n<p><strong>Milano, 11 aprile 2002<\/strong><br>Libera Universit\u00e0 di Lingue e Comunicazione (IULM)<br>Intervengono: Alberto Cadioli e Marina Gazzini<\/p>\n\n\n\n<p><strong>Messina, 9 aprile 2002<\/strong><br>Dipartimento di Studi Tardoantichi, Medievali e Umanistici<br>Universit\u00e0 degli Studi di Messina<br>Intervengono: Enrico Pispisa, Luciano Catalioto, F. Paolo Tocco, Pietro Corrao<\/p>\n\n\n\n<p><strong>Ravenna, 19 marzo 2002<\/strong><br>Universit\u00e0 di Bologna &#8211; Facolt\u00e0 di Conservazione dei Beni Culturali<br>Sede di Ravenna<br>Intervengono:<br>Antonio Carile, Bruno Andreolli, Luigi Canetti, Raffaele Savigni, Andrea Zorzi<\/p>\n\n\n\n<p><strong>Firenze, 26 febbraio 2002<\/strong><br>Dipartimento di Studi Storici e Geografici &#8211; Universit\u00e0 di Firenze<br>Presentazione della collana digitale &#8216;E-book&#8217; di &#8220;Reti Medievali&#8221;, edita dalla Firenze University Press, nel quadro dell&#8217;incontro&nbsp;<a href=\"http:\/\/www.storia.unifi.it\/_storinforma\/Ws\/ws-editoria1.htm\" target=\"_blank\" rel=\"noreferrer noopener\"><em>Testi on line ed e-book: problemi e prospettive<\/em><\/a>,<br>1\u00b0 incontro nazionale sull&#8217;editoria digitale.<\/p>\n\n\n\n<p><strong>Bologna, 1 febbraio 2002<\/strong><br>Dipartimento di Paleografia e Medievistica &#8211; Universit\u00e0 degli Studi di Bologna<br>Intervengono: Tiziana Lazzari, Andrea Tilatti, Roberto Delle Donne, Gian Maria Varanini<\/p>\n\n\n\n<p><strong>Roma, 25 gennaio 2002<br><\/strong>Istituto Storico Italiano per il Medio Evo<br>Intervengono: Massimo Miglio, Andrea Zorzi, Pietro Corrao, Ilaria Bonincontro<\/p>\n\n\n\n<p><strong>Pisa, 12 dicembre 2001<\/strong><br>Dipartimento di Medievistica &#8211; Universit\u00e0 degli Studi di Pisa<br>Intervengono: Marco Tangheroni, Alessandra Veronese, Andrea Zorzi<\/p>\n\n\n\n<p><strong>Milano, 14 novembre 2001<\/strong><br>Universit\u00e0 Cattolica del &#8220;Sacro Cuore&#8221; &#8211; Facolt\u00e0 di Lettere e Filosofia<br>Presentazione promossa dal corso di Storia medievale (gr. A-K)<br>Intervengono: Maria Pia Alberzoni, Nicolangelo D&#8217;Acunto, Andrea Zorzi<\/p>\n\n\n\n<p><strong>Napoli, 12 giugno 2001<br><\/strong>Dipartimento di Discipline Storiche &#8220;E. Lepore&#8221; dell&#8217;Universit\u00e0 &#8220;Federico II&#8221; di Napoli<br>Intervengono: Giovanni Vitolo, Roberto Delle Donne, Andrea Zorzi<\/p>\n\n\n\n<p><strong>Milano, 6 giugno 2001<br><\/strong>Dipartimento di Scienze della Storia e della Documentazione Storica<br>dell&#8217;Universit\u00e0 degli Studi di Milano<br>Presentazione organizzata nel quadro del Dottorato di ricerca in Storia Medievale<br>Intervengono: Giorgio Chittolini, Andrea Zorzi<\/p>\n\n\n\n<p><strong>Bari, 10 maggio 2001<br><\/strong>Dipartimento di Scienze Storiche e Sociali dell&#8217;Universit\u00e0 degli Studi di Bari<br>Intervengono: Franco Porsia, Pietro Corrao<\/p>\n\n\n\n<p><strong>Viterbo, 23 marzo 2001<\/strong><br>Facolt\u00e0 di Lingue e Letterature Straniere Moderne, Universit\u00e0 della Tuscia di Viterbo<br>Presentazione promossa dal Seminario permanente di &#8216;Teoria e pratica degli ipertesti&#8217;<br>Intervengono Gino Roncaglia, Andrea Zorzi<\/p>\n\n\n\n<p><strong>Firenze, 22 marzo 2001<\/strong><br>Intervento di Andrea Zorzi,&nbsp;<a href=\"\/_RM\/RM-English.htm\"><em>&#8220;Reti medievali&#8221;: an initiative of new communication of historical knowledge<\/em><\/a>&nbsp;al Convegno Internazionale organizzato dalla Firenze University Press, &#8220;Scholarly communication and academic presses&#8221;<\/p>\n\n\n\n<p><strong>Palermo, 26 febbraio 2001<\/strong><br>Seminario promosso dal Dottorato di ricerca in Storia Medievale e dal Dipartimento di Studi Storici e Artistici dell&#8217;Universit\u00e0 degli Studi di Palermo: &#8220;Medievistica e telematica: l&#8217;esperienza di Reti Medievali&#8221;<br>Intervengono Andrea Zorzi, Pietro Corrao<\/p>\n\n\n\n<p><strong>Siena, 14 febbraio 2001<\/strong><br>Dipartimento di Archeologia e Storia delle Arti dell&#8217;Universit\u00e0 degli Studi di Siena<br>Intervengono Riccardo Francovich, Andrea Zorzi<\/p>\n\n\n\n<p><strong>Pavia, 14 giugno 2000<\/strong><br>Dipartimento storico-geografico dell&#8217;Universit\u00e0 degli Studi di Pavia<br>Presentazione promossa dal Dipartimento storico-geografico e da&nbsp;<a href=\"http:\/\/dobc.unipv.it\/scrineum\/scrineum.htm\" target=\"_blank\" rel=\"noreferrer noopener\">&#8220;Scrineum&#8221;. Saggi e materiali on-line di scienze del documento e del libro medievali<\/a>.<br>Intervengono Michele Ansani, Nadia Covini, Andrea Zorzi<\/p>\n\n\n\n<p><strong>Firenze, 7 giugno 2000<br><\/strong>Dipartimento di studi storici e geografici dell&#8217;Universit\u00e0 degli Studi di Firenze<br>Intervengono Giovanni Cherubini, Pietro Corrao, Andrea Zorzi<\/p>\n\n\n\n<p><strong>Venezia, 18 maggio 2000<br><\/strong>Dipartimento di studi storici dell&#8217;Universit\u00e0 degli Studi &#8220;Ca Foscari&#8221; di Venezia<br>Intervengono Gherardo Ortalli, Stefano Gasparri, Andrea Zorzi<\/p>\n","protected":false},"excerpt":{"rendered":"<p>Dalla primavera del 2000,&nbsp;Reti Medievali&nbsp;\u00e8 stata presentata e pubblicizzata in numerose occasioni di incontro della medievistica italiana e internazionale. L\u2019illustrazione pubblica dell\u2019iniziativa e la sua discussione critica tra gli studiosi, i ricercatori e gli interessati alla storia medievale, costituiscono delle occasioni che la redazione di&nbsp;RM&nbsp;ritiene preziose per lo scambio di riflessioni sulle nuove forme di [&hellip;]<\/p>\n","protected":false},"author":1,"featured_media":0,"parent":0,"menu_order":0,"comment_status":"closed","ping_status":"closed","template":"","meta":{"footnotes":""},"class_list":["post-260","page","type-page","status-publish","hentry"],"_links":{"self":[{"href":"https:\/\/www.rm.unina.it\/index.php?rest_route=\/wp\/v2\/pages\/260","targetHints":{"allow":["GET"]}}],"collection":[{"href":"https:\/\/www.rm.unina.it\/index.php?rest_route=\/wp\/v2\/pages"}],"about":[{"href":"https:\/\/www.rm.unina.it\/index.php?rest_route=\/wp\/v2\/types\/page"}],"author":[{"embeddable":true,"href":"https:\/\/www.rm.unina.it\/index.php?rest_route=\/wp\/v2\/users\/1"}],"replies":[{"embeddable":true,"href":"https:\/\/www.rm.unina.it\/index.php?rest_route=%2Fwp%2Fv2%2Fcomments&post=260"}],"version-history":[{"count":2,"href":"https:\/\/www.rm.unina.it\/index.php?rest_route=\/wp\/v2\/pages\/260\/revisions"}],"predecessor-version":[{"id":263,"href":"https:\/\/www.rm.unina.it\/index.php?rest_route=\/wp\/v2\/pages\/260\/revisions\/263"}],"wp:attachment":[{"href":"https:\/\/www.rm.unina.it\/index.php?rest_route=%2Fwp%2Fv2%2Fmedia&parent=260"}],"curies":[{"name":"wp","href":"https:\/\/api.w.org\/{rel}","templated":true}]}}